{"id":1195,"date":"2021-05-29T08:57:31","date_gmt":"2021-05-29T06:57:31","guid":{"rendered":"https:\/\/gitesdelasaisse.fr\/?page_id=1195"},"modified":"2023-01-22T14:40:25","modified_gmt":"2023-01-22T13:40:25","slug":"studio-cote-riviere-1er-etage","status":"publish","type":"page","link":"https:\/\/gitesdelasaisse.fr\/index.php\/logements\/studio-cote-riviere-1er-etage\/","title":{"rendered":"Studio c\u00f4t\u00e9 rivi\u00e8re (1er \u00e9tage)"},"content":{"rendered":"\t\t<div data-elementor-type=\"wp-page\" data-elementor-id=\"1195\" class=\"elementor elementor-1195\" data-elementor-settings=\"[]\">\n\t\t\t\t\t\t\t<div class=\"elementor-section-wrap\">\n\t\t\t\t\t\t\t<section class=\"elementor-section elementor-top-section elementor-element elementor-element-3e236d9 elementor-section-boxed elementor-section-height-default elementor-section-height-default\" data-id=\"3e236d9\" data-element_type=\"section\">\n\t\t\t\t\t\t<div class=\"elementor-container elementor-column-gap-default\">\n\t\t\t\t\t<div class=\"elementor-column elementor-col-100 elementor-top-column elementor-element elementor-element-43999029\" data-id=\"43999029\" data-element_type=\"column\">\n\t\t\t<div class=\"elementor-widget-wrap elementor-element-populated\">\n\t\t\t\t\t\t\t\t<div class=\"elementor-element elementor-element-51a414e3 elementor-widget elementor-widget-text-editor\" data-id=\"51a414e3\" data-element_type=\"widget\" data-widget_type=\"text-editor.default\">\n\t\t\t\t<div class=\"elementor-widget-container\">\n\t\t\t\t\t\t\t<!-- wp:cover {\"url\":\"https:\/\/gitesdelasaisse.fr\/wp-content\/uploads\/2021\/05\/hero-section-banner.jpg\",\"id\":18,\"dimRatio\":70,\"minHeight\":800,\"customGradient\":\"linear-gradient(135deg,rgb(11,33,43) 0%,rgb(29,57,75) 100%)\",\"align\":\"full\"} -->\n<div class=\"wp-block-cover alignfull has-background-dim-70 has-background-dim has-background-gradient\" style=\"min-height: 800px;\"><img decoding=\"async\" class=\"wp-block-cover__image-background wp-image-18\" src=\"https:\/\/gitesdelasaisse.fr\/wp-content\/uploads\/2023\/01\/IMG_5757-scaled.jpeg\" alt=\"\" data-object-fit=\"cover\" \/>\n<div class=\"wp-block-cover__inner-container\"><!-- wp:heading {\"textAlign\":\"center\",\"level\":1,\"textColor\":\"white\"} -->\n<h1 class=\"has-text-align-center has-white-color has-text-color\">Studio c\u00f4t\u00e9 rivi\u00e8re<\/h1>\n<h1 class=\"has-text-align-center has-white-color has-text-color\">(3 pers. &#8211; 1er \u00e9tage)<\/h1>\n<!-- \/wp:heading --><!-- wp:heading {\"textAlign\":\"center\",\"level\":5,\"textColor\":\"white\"} -->\n<h5 class=\"has-text-align-center has-white-color has-text-color\">\u00a0<\/h5>\n<!-- \/wp:heading --><!-- wp:buttons {\"contentJustification\":\"center\"} -->\n<div class=\"wp-block-buttons is-content-justification-center\"><!-- wp:button -->\n<div class=\"wp-block-button\"><a class=\"wp-block-button__link\" href=\"https:\/\/gitesdelasaisse.lodgify.com\/fr\/studio-40m2-gite-surplombant-lain-et-ses-marmites\" target=\"_blank\" rel=\"noopener\">R\u00e9server ce Studio<\/a><\/div>\n<!-- \/wp:button --><\/div>\n<!-- \/wp:buttons --><\/div>\n<\/div>\n<!-- \/wp:cover --><!-- wp:group {\"align\":\"full\",\"backgroundColor\":\"white\"} -->\n<div id=\"about\" class=\"wp-block-group alignfull has-white-background-color has-background\">\n<div class=\"wp-block-group__inner-container\"><!-- wp:heading {\"textAlign\":\"center\"} -->\n<h2 class=\"has-text-align-center\">Description<\/h2>\n<!-- \/wp:heading --><!-- wp:paragraph {\"align\":\"center\"} -->\n<p class=\"has-text-align-center\">Un studio parfait pour profiter du soleil levant.<\/p>\n<!-- \/wp:paragraph --><!-- wp:media-text {\"align\":\"\",\"mediaId\":27,\"mediaLink\":\"https:\/\/websitedemos.net\/hotel-08\/home\/hotel-bar\/\",\"mediaType\":\"image\"} -->\n<div class=\"wp-block-media-text is-stacked-on-mobile\">\n<figure class=\"wp-block-media-text__media\"><img decoding=\"async\" loading=\"lazy\" class=\"wp-image-27 \" src=\"https:\/\/gitesdelasaisse.fr\/wp-content\/uploads\/2021\/05\/IMG_5266.jpeg\" alt=\"\" width=\"134\" height=\"179\" \/><\/figure>\n<div class=\"wp-block-media-text__content\"><!-- wp:heading {\"level\":3} -->\n<h3>Orient\u00e9 Est, ce studio domine la rivi\u00e8re d&#8217;Ain <em>(en crue sur l&#8217;image ci-contre)<\/em>.<\/h3>\n<!-- \/wp:heading --><!-- wp:paragraph -->\n<p><strong>Il est parfait pour prendre son petit-d\u00e9jeuner au soleil en observant les Martins p\u00eacheurs, les canards&#8230;\u00a0<\/strong><\/p>\n<!-- \/wp:paragraph --><!-- wp:paragraph -->\n<p><strong>Appartement pour 3 personnes<\/strong> : 1 canap\u00e9 convertible &#8220;Bed Express&#8221; 140&#215;200 avec matelas &#8220;couchage quotidien&#8221; et sommier \u00e0 lattes et 1 chauffeuse 1 personne (100&#215;200).<\/p>\n<p>Pour cuisiner vous b\u00e9n\u00e9ficierez d&#8217;<strong>une cuisine toute \u00e9quip\u00e9e, neuve et de bonne qualit\u00e9 (Chabert Duval)<\/strong> avec : 1 lave-vaisselle, 1 grand r\u00e9frig\u00e9rateur avec 3 tiroirs de cong\u00e9lation, 4 plaques \u00e0 induction et une hotte, 2 bacs d&#8217;\u00e9vier, four avec pyrolyse, four \u00e0 micro-ondes, grille pain, bouilloire, cafeti\u00e8re&#8230;\u00a0\u00a0<\/p>\n<p>La salle de douche est s\u00e9par\u00e9e des toilettes (sur\u00e9lev\u00e9es).<\/p>\n<p>Il dispose d&#8217;un petit balcon privatis\u00e9 non attenant, c\u00f4t\u00e9 rue (acc\u00e8s par le palier) sur lequel vous profiterez d&#8217;une petite table de jardin et d&#8217;un barbecue.<\/p>\n<p>\u00a0<\/p>\n<!-- \/wp:paragraph --><\/div>\n<\/div>\n<!-- \/wp:media-text --><\/div>\n<\/div>\n<!-- \/wp:group --><!-- wp:group {\"align\":\"full\",\"style\":{\"color\":{\"background\":\"#f6f6f9\"}}} -->\n<div id=\"amenities\" class=\"wp-block-group alignfull has-background\" style=\"background-color: #f6f6f9;\">\n<div class=\"wp-block-group__inner-container\"><!-- wp:heading {\"textAlign\":\"center\"} -->\n<h2 class=\"has-text-align-center\">\u00c9quipement<\/h2>\n<p>\u00a0<\/p>\n<!-- \/wp:heading --><!-- wp:paragraph {\"align\":\"center\"} -->\n<div class=\"wp-block-columns alignwide\">\n<div class=\"wp-block-column\">\n<div class=\"wp-block-columns\"><!-- \/wp:column --><!-- wp:column -->\n<div class=\"wp-block-column\"><!-- wp:image {\"align\":\"center\",\"id\":70,\"width\":74,\"height\":76,\"sizeSlug\":\"large\"} -->\n<div class=\"wp-block-image\">\n<figure class=\"aligncenter size-large is-resized\"><img decoding=\"async\" loading=\"lazy\" class=\"wp-image-70\" src=\"https:\/\/image.flaticon.com\/icons\/png\/512\/2547\/2547993.png\" alt=\"\" width=\"74\" height=\"76\" \/><\/figure>\n<\/div>\n<!-- \/wp:image --><!-- wp:paragraph {\"align\":\"center\"} -->\n<p class=\"has-text-align-center\">\u00a0Accueil par les h\u00f4tes ou\u00a0arriv\u00e9e autonome (boite \u00e0 cl\u00e9)<\/p>\n<!-- \/wp:paragraph --><\/div>\n<!-- \/wp:column --><!-- wp:column -->\n<div class=\"wp-block-column\"><!-- wp:image {\"align\":\"center\",\"id\":72,\"width\":74,\"height\":76,\"sizeSlug\":\"large\"} -->\n<div class=\"wp-block-image\">\n<figure class=\"aligncenter size-large is-resized\"><img decoding=\"async\" loading=\"lazy\" class=\"wp-image-72\" src=\"https:\/\/image.flaticon.com\/icons\/png\/512\/1288\/1288972.png\" alt=\"\" width=\"74\" height=\"76\" \/><\/figure>\n<\/div>\n<!-- \/wp:image --><!-- wp:paragraph {\"align\":\"center\"} -->\n<p class=\"has-text-align-center\">Placards coulissants avec penderie<\/p>\n<!-- \/wp:paragraph --><\/div>\n<!-- \/wp:column --><!-- wp:column -->\n<div class=\"wp-block-column\"><!-- wp:image {\"align\":\"center\",\"id\":73,\"width\":74,\"height\":76,\"sizeSlug\":\"large\"} -->\n<div class=\"wp-block-image\">\n<figure class=\"aligncenter size-large is-resized\"><img decoding=\"async\" loading=\"lazy\" class=\"wp-image-73\" src=\"https:\/\/image.flaticon.com\/icons\/png\/512\/3168\/3168593.png\" alt=\"\" width=\"74\" height=\"76\" \/><\/figure>\n<\/div>\n<!-- \/wp:image --><!-- wp:paragraph {\"align\":\"center\"} -->\n<p class=\"has-text-align-center\">Lits faits \u00e0 l&#8217;arriv\u00e9e, sur demande<\/p>\n<\/div>\n<\/div>\n<\/div>\n<div class=\"wp-block-column\">\n<div class=\"wp-block-columns\"><!-- \/wp:column --><!-- wp:column -->\n<div class=\"wp-block-column\"><!-- wp:image {\"align\":\"center\",\"id\":68,\"width\":74,\"height\":76,\"sizeSlug\":\"large\"} -->\n<div class=\"wp-block-image\">\n<figure class=\"aligncenter size-large is-resized\"><img decoding=\"async\" loading=\"lazy\" class=\"wp-image-68\" src=\"https:\/\/image.flaticon.com\/icons\/png\/512\/75\/75905.png\" alt=\"\" width=\"74\" height=\"76\" \/><\/figure>\n<\/div>\n<!-- \/wp:image --><!-- wp:paragraph {\"align\":\"center\"} -->\n<p class=\"has-text-align-center\">Place de Parking au pied du b\u00e2timent<\/p>\n<!-- \/wp:paragraph --><\/div>\n<!-- \/wp:column --><!-- wp:column -->\n<div class=\"wp-block-column\"><!-- wp:image {\"align\":\"center\",\"id\":69,\"width\":74,\"height\":76,\"sizeSlug\":\"large\"} -->\n<div class=\"wp-block-image\">\n<figure class=\"aligncenter size-large is-resized\"><img decoding=\"async\" loading=\"lazy\" class=\"wp-image-69\" src=\"https:\/\/image.flaticon.com\/icons\/png\/512\/15\/15735.png\" alt=\"\" width=\"74\" height=\"76\" \/><\/figure>\n<\/div>\n<!-- \/wp:image --><!-- wp:paragraph {\"align\":\"center\"} -->\n<p class=\"has-text-align-center\">Divers petits \u00e9lectrom\u00e9nagers (s\u00e8che-cheveux, four \u00e0 raclette&#8230;)<\/p>\n<!-- \/wp:paragraph --><\/div>\n<!-- \/wp:column --><!-- wp:column -->\n<div class=\"wp-block-column\"><!-- wp:image {\"align\":\"center\",\"id\":67,\"width\":74,\"height\":76,\"sizeSlug\":\"large\"} -->\n<div class=\"wp-block-image\">\n<figure class=\"aligncenter size-large is-resized\"><img decoding=\"async\" loading=\"lazy\" class=\"wp-image-67\" src=\"https:\/\/gitesdelasaisse.fr\/wp-content\/uploads\/2020\/05\/wifi.png\" alt=\"\" width=\"74\" height=\"76\" \/><\/figure>\n<\/div>\n<!-- \/wp:image --><!-- wp:paragraph {\"align\":\"center\"} -->\n<p class=\"has-text-align-center\">Wi-Fi + TV<\/p>\n<\/div>\n<\/div>\n<\/div>\n<\/div>\n<\/div>\n<\/div>\n<!-- \/wp:columns -->\n<div id=\"gallery\" class=\"wp-block-group alignfull has-white-background-color has-background\">\n<div class=\"wp-block-group__inner-container\">\n<h2 class=\"has-text-align-center\">Galerie d&#8217;images<\/h2>\n<!-- \/wp:heading --><!-- wp:paragraph {\"align\":\"center\"} -->\n<p class=\"has-text-align-center\">Jetez un oeil dans ce studio (<span style=\"text-decoration: underline;\"><strong>en cours d&#8217;am\u00e9nagement et de d\u00e9coration<\/strong><\/span>).<\/p>\n<!-- \/wp:paragraph --><!-- wp:gallery {\"ids\":[116,177,178,179,180,181,182,183],\"columns\":4,\"linkTo\":\"none\",\"sizeSlug\":\"full\"} -->\n<figure class=\"wp-block-gallery columns-4 is-cropped\">\n<ul class=\"blocks-gallery-grid\">\n<li class=\"blocks-gallery-item\">\n<figure><img decoding=\"async\" loading=\"lazy\" class=\"alignnone size-medium wp-image-1545\" src=\"https:\/\/gitesdelasaisse.fr\/wp-content\/uploads\/2023\/01\/IMG_5758-300x225.jpeg\" alt=\"\" width=\"300\" height=\"225\" srcset=\"https:\/\/gitesdelasaisse.fr\/wp-content\/uploads\/2023\/01\/IMG_5758-300x225.jpeg 300w, https:\/\/gitesdelasaisse.fr\/wp-content\/uploads\/2023\/01\/IMG_5758-1024x768.jpeg 1024w, https:\/\/gitesdelasaisse.fr\/wp-content\/uploads\/2023\/01\/IMG_5758-768x576.jpeg 768w, https:\/\/gitesdelasaisse.fr\/wp-content\/uploads\/2023\/01\/IMG_5758-1536x1152.jpeg 1536w, https:\/\/gitesdelasaisse.fr\/wp-content\/uploads\/2023\/01\/IMG_5758-2048x1536.jpeg 2048w\" sizes=\"(max-width: 300px) 100vw, 300px\" \/><\/figure>\n<\/li>\n<li class=\"blocks-gallery-item\">\n<figure><img decoding=\"async\" loading=\"lazy\" class=\"alignnone size-medium wp-image-1546\" src=\"https:\/\/gitesdelasaisse.fr\/wp-content\/uploads\/2023\/01\/IMG_5759-225x300.jpeg\" alt=\"\" width=\"225\" height=\"300\" srcset=\"https:\/\/gitesdelasaisse.fr\/wp-content\/uploads\/2023\/01\/IMG_5759-225x300.jpeg 225w, https:\/\/gitesdelasaisse.fr\/wp-content\/uploads\/2023\/01\/IMG_5759-768x1024.jpeg 768w, https:\/\/gitesdelasaisse.fr\/wp-content\/uploads\/2023\/01\/IMG_5759-1152x1536.jpeg 1152w, https:\/\/gitesdelasaisse.fr\/wp-content\/uploads\/2023\/01\/IMG_5759-1536x2048.jpeg 1536w, https:\/\/gitesdelasaisse.fr\/wp-content\/uploads\/2023\/01\/IMG_5759-scaled.jpeg 1920w\" sizes=\"(max-width: 225px) 100vw, 225px\" \/><\/figure>\n<\/li>\n<li class=\"blocks-gallery-item\">\n<figure><img decoding=\"async\" loading=\"lazy\" class=\"alignnone size-medium wp-image-1551\" src=\"https:\/\/gitesdelasaisse.fr\/wp-content\/uploads\/2023\/01\/IMG_5764-300x225.jpeg\" alt=\"\" width=\"300\" height=\"225\" srcset=\"https:\/\/gitesdelasaisse.fr\/wp-content\/uploads\/2023\/01\/IMG_5764-300x225.jpeg 300w, https:\/\/gitesdelasaisse.fr\/wp-content\/uploads\/2023\/01\/IMG_5764-1024x768.jpeg 1024w, https:\/\/gitesdelasaisse.fr\/wp-content\/uploads\/2023\/01\/IMG_5764-768x576.jpeg 768w, https:\/\/gitesdelasaisse.fr\/wp-content\/uploads\/2023\/01\/IMG_5764-1536x1152.jpeg 1536w, https:\/\/gitesdelasaisse.fr\/wp-content\/uploads\/2023\/01\/IMG_5764-2048x1536.jpeg 2048w\" sizes=\"(max-width: 300px) 100vw, 300px\" \/><\/figure>\n<\/li>\n<li class=\"blocks-gallery-item\">\n<figure><img decoding=\"async\" loading=\"lazy\" class=\"alignnone size-medium wp-image-1553\" src=\"https:\/\/gitesdelasaisse.fr\/wp-content\/uploads\/2023\/01\/IMG_5766-300x225.jpeg\" alt=\"\" width=\"300\" height=\"225\" srcset=\"https:\/\/gitesdelasaisse.fr\/wp-content\/uploads\/2023\/01\/IMG_5766-300x225.jpeg 300w, https:\/\/gitesdelasaisse.fr\/wp-content\/uploads\/2023\/01\/IMG_5766-1024x768.jpeg 1024w, https:\/\/gitesdelasaisse.fr\/wp-content\/uploads\/2023\/01\/IMG_5766-768x576.jpeg 768w, https:\/\/gitesdelasaisse.fr\/wp-content\/uploads\/2023\/01\/IMG_5766-1536x1152.jpeg 1536w, https:\/\/gitesdelasaisse.fr\/wp-content\/uploads\/2023\/01\/IMG_5766-2048x1536.jpeg 2048w\" sizes=\"(max-width: 300px) 100vw, 300px\" \/><\/figure>\n<\/li>\n<li class=\"blocks-gallery-item\">\n<figure><img decoding=\"async\" loading=\"lazy\" class=\"alignnone size-medium wp-image-1542\" src=\"https:\/\/gitesdelasaisse.fr\/wp-content\/uploads\/2023\/01\/IMG_5755-225x300.jpeg\" alt=\"\" width=\"225\" height=\"300\" srcset=\"https:\/\/gitesdelasaisse.fr\/wp-content\/uploads\/2023\/01\/IMG_5755-225x300.jpeg 225w, https:\/\/gitesdelasaisse.fr\/wp-content\/uploads\/2023\/01\/IMG_5755-768x1024.jpeg 768w, https:\/\/gitesdelasaisse.fr\/wp-content\/uploads\/2023\/01\/IMG_5755-1152x1536.jpeg 1152w, https:\/\/gitesdelasaisse.fr\/wp-content\/uploads\/2023\/01\/IMG_5755-1536x2048.jpeg 1536w, https:\/\/gitesdelasaisse.fr\/wp-content\/uploads\/2023\/01\/IMG_5755-scaled.jpeg 1920w\" sizes=\"(max-width: 225px) 100vw, 225px\" \/><\/figure>\n<\/li>\n<li class=\"blocks-gallery-item\">\n<figure><img decoding=\"async\" loading=\"lazy\" class=\"alignnone size-medium wp-image-1548\" src=\"https:\/\/gitesdelasaisse.fr\/wp-content\/uploads\/2023\/01\/IMG_5761-225x300.jpeg\" alt=\"\" width=\"225\" height=\"300\" srcset=\"https:\/\/gitesdelasaisse.fr\/wp-content\/uploads\/2023\/01\/IMG_5761-225x300.jpeg 225w, https:\/\/gitesdelasaisse.fr\/wp-content\/uploads\/2023\/01\/IMG_5761-768x1024.jpeg 768w, https:\/\/gitesdelasaisse.fr\/wp-content\/uploads\/2023\/01\/IMG_5761-1152x1536.jpeg 1152w, https:\/\/gitesdelasaisse.fr\/wp-content\/uploads\/2023\/01\/IMG_5761-1536x2048.jpeg 1536w, https:\/\/gitesdelasaisse.fr\/wp-content\/uploads\/2023\/01\/IMG_5761-scaled.jpeg 1920w\" sizes=\"(max-width: 225px) 100vw, 225px\" \/><\/figure>\n<\/li>\n<li class=\"blocks-gallery-item\">\n<figure><img decoding=\"async\" loading=\"lazy\" class=\"alignnone size-medium wp-image-1549\" src=\"https:\/\/gitesdelasaisse.fr\/wp-content\/uploads\/2023\/01\/IMG_5762-225x300.jpeg\" alt=\"\" width=\"225\" height=\"300\" srcset=\"https:\/\/gitesdelasaisse.fr\/wp-content\/uploads\/2023\/01\/IMG_5762-225x300.jpeg 225w, https:\/\/gitesdelasaisse.fr\/wp-content\/uploads\/2023\/01\/IMG_5762-768x1024.jpeg 768w, https:\/\/gitesdelasaisse.fr\/wp-content\/uploads\/2023\/01\/IMG_5762-1152x1536.jpeg 1152w, https:\/\/gitesdelasaisse.fr\/wp-content\/uploads\/2023\/01\/IMG_5762-1536x2048.jpeg 1536w, https:\/\/gitesdelasaisse.fr\/wp-content\/uploads\/2023\/01\/IMG_5762-scaled.jpeg 1920w\" sizes=\"(max-width: 225px) 100vw, 225px\" \/><\/figure>\n<\/li>\n<li class=\"blocks-gallery-item\">\n<figure><img decoding=\"async\" loading=\"lazy\" class=\"alignnone size-medium wp-image-1540\" src=\"https:\/\/gitesdelasaisse.fr\/wp-content\/uploads\/2023\/01\/IMG_5722-225x300.jpeg\" alt=\"\" width=\"225\" height=\"300\" srcset=\"https:\/\/gitesdelasaisse.fr\/wp-content\/uploads\/2023\/01\/IMG_5722-225x300.jpeg 225w, https:\/\/gitesdelasaisse.fr\/wp-content\/uploads\/2023\/01\/IMG_5722-768x1024.jpeg 768w, https:\/\/gitesdelasaisse.fr\/wp-content\/uploads\/2023\/01\/IMG_5722-1152x1536.jpeg 1152w, https:\/\/gitesdelasaisse.fr\/wp-content\/uploads\/2023\/01\/IMG_5722-1536x2048.jpeg 1536w, https:\/\/gitesdelasaisse.fr\/wp-content\/uploads\/2023\/01\/IMG_5722-scaled.jpeg 1920w\" sizes=\"(max-width: 225px) 100vw, 225px\" \/><\/figure>\n<\/li>\n<\/ul>\n<\/figure>\n<!-- \/wp:gallery --><\/div>\n<\/div>\n<!-- \/wp:group --><!-- wp:group {\"align\":\"full\",\"style\":{\"color\":{\"background\":\"#f4f4f4\"}}} -->\n<div id=\"packages\" class=\"wp-block-group alignfull has-background\" style=\"background-color: #f4f4f4;\">\n<div class=\"wp-block-group__inner-container\"><!-- wp:heading {\"textAlign\":\"center\"} -->\n<h2 class=\"has-text-align-center\">En option<\/h2>\n<!-- \/wp:heading --><!-- wp:paragraph {\"align\":\"center\"} -->\n<p class=\"has-text-align-center\">\u00c0 r\u00e9server avant d&#8217;arriver pour s&#8217;assurer de leur disponibilit\u00e9 :\u00a0<\/p>\n<!-- \/wp:paragraph --><!-- wp:columns {\"verticalAlignment\":\"center\",\"align\":\"wide\"} -->\n<div class=\"wp-block-columns alignwide are-vertically-aligned-center\"><!-- wp:column {\"verticalAlignment\":\"center\"} -->\n<div class=\"wp-block-column is-vertically-aligned-center\"><!-- wp:media-text {\"mediaId\":190,\"mediaType\":\"image\",\"isStackedOnMobile\":false,\"verticalAlignment\":\"center\",\"imageFill\":false,\"backgroundColor\":\"white\",\"className\":\"is-stacked-on-mobile\"} -->\n<div class=\"wp-block-media-text alignwide is-vertically-aligned-center is-stacked-on-mobile has-white-background-color has-background\">\n<figure class=\"wp-block-media-text__media\"><img decoding=\"async\" class=\"wp-image-190 size-full\" src=\"https:\/\/cdn.pixabay.com\/photo\/2016\/11\/23\/17\/31\/boy-1853960_960_720.jpg\" alt=\"\" \/><\/figure>\n<div class=\"wp-block-media-text__content\"><!-- wp:heading {\"level\":4} -->\n<h4>Paddle<\/h4>\n<!-- \/wp:heading --><!-- wp:heading {\"level\":6} --><!-- \/wp:heading --><!-- wp:paragraph -->\n<p>Pour des balades calmes sur l&#8217;eau ou des jeux en famille.<\/p>\n<!-- \/wp:paragraph --><!-- wp:image {\"id\":266,\"width\":137,\"height\":28,\"sizeSlug\":\"large\",\"linkDestination\":\"none\"} -->\n<figure class=\"wp-block-image size-large is-resized\"><\/figure>\n<!-- \/wp:image --><\/div>\n<\/div>\n<!-- \/wp:media-text --><\/div>\n<!-- \/wp:column --><!-- wp:column {\"verticalAlignment\":\"center\"} -->\n<div class=\"wp-block-column is-vertically-aligned-center\"><!-- wp:media-text {\"mediaId\":189,\"mediaType\":\"image\",\"isStackedOnMobile\":false,\"verticalAlignment\":\"center\",\"imageFill\":false,\"backgroundColor\":\"white\",\"className\":\"is-stacked-on-mobile\"} -->\n<div class=\"wp-block-media-text alignwide is-vertically-aligned-center is-stacked-on-mobile has-white-background-color has-background\">\n<figure class=\"wp-block-media-text__media\"><img decoding=\"async\" class=\"wp-image-189 size-full\" src=\"https:\/\/cdn.pixabay.com\/photo\/2020\/09\/03\/13\/53\/fishing-boat-5541327_960_720.jpg\" alt=\"\" \/><\/figure>\n<div class=\"wp-block-media-text__content\"><!-- wp:heading {\"level\":4} -->\n<h4>Bateau<\/h4>\n<!-- \/wp:heading --><!-- wp:heading {\"level\":6} --><!-- \/wp:heading --><!-- wp:paragraph -->\n<p>\u00c0 moteur et sans permis, (p\u00eache ou d\u00e9couverte du lac.<\/p>\n<!-- \/wp:paragraph --><!-- wp:image {\"id\":266,\"width\":137,\"height\":28,\"sizeSlug\":\"large\",\"linkDestination\":\"none\"} -->\n<figure class=\"wp-block-image size-large is-resized\"><\/figure>\n<!-- \/wp:image --><\/div>\n<\/div>\n<!-- \/wp:media-text --><\/div>\n<!-- \/wp:column --><\/div>\n<!-- \/wp:columns --><!-- wp:columns {\"verticalAlignment\":\"center\",\"align\":\"wide\"} -->\n<div class=\"wp-block-columns alignwide are-vertically-aligned-center\"><!-- wp:column {\"verticalAlignment\":\"center\"} -->\n<div class=\"wp-block-column is-vertically-aligned-center\"><!-- wp:media-text {\"mediaId\":187,\"mediaType\":\"image\",\"isStackedOnMobile\":false,\"verticalAlignment\":\"center\",\"imageFill\":false,\"backgroundColor\":\"white\",\"className\":\"is-stacked-on-mobile\"} -->\n<div class=\"wp-block-media-text alignwide is-vertically-aligned-center is-stacked-on-mobile has-white-background-color has-background\">\n<p><img decoding=\"async\" loading=\"lazy\" class=\"alignnone size-full wp-image-1487\" src=\"https:\/\/gitesdelasaisse.fr\/wp-content\/uploads\/2023\/01\/images.jpg\" alt=\"\" width=\"225\" height=\"225\" srcset=\"https:\/\/gitesdelasaisse.fr\/wp-content\/uploads\/2023\/01\/images.jpg 225w, https:\/\/gitesdelasaisse.fr\/wp-content\/uploads\/2023\/01\/images-150x150.jpg 150w\" sizes=\"(max-width: 225px) 100vw, 225px\" \/><\/p>\n<div class=\"wp-block-media-text__content\"><!-- wp:heading {\"level\":4} -->\n<h4>Kit B\u00e9b\u00e9<\/h4>\n<!-- \/wp:heading --><!-- wp:paragraph -->\n<p>Lit Parapluie, matelas, chaise haute, pot, baignoire&#8230;<\/p>\n<!-- \/wp:paragraph --><!-- wp:image {\"id\":269,\"width\":210,\"height\":28,\"sizeSlug\":\"large\",\"linkDestination\":\"none\"} -->\n<figure class=\"wp-block-image size-large is-resized\"><\/figure>\n<!-- \/wp:image --><\/div>\n<\/div>\n<!-- \/wp:media-text --><\/div>\n<!-- \/wp:column --><!-- wp:column {\"verticalAlignment\":\"center\"} --><!-- \/wp:column --><\/div>\n<!-- \/wp:columns --><\/div>\n<\/div>\n<!-- \/wp:group --><!-- wp:group {\"align\":\"full\",\"backgroundColor\":\"white\"} -->\n<div id=\"bookings\" class=\"wp-block-group alignfull has-white-background-color has-background\">\n<div class=\"wp-block-group__inner-container\"><!-- wp:columns {\"verticalAlignment\":\"center\",\"align\":\"wide\"} -->\n<div class=\"wp-block-columns alignwide are-vertically-aligned-center\"><!-- wp:column {\"verticalAlignment\":\"center\"} -->\n<div class=\"wp-block-column is-vertically-aligned-center\"><!-- wp:group {\"style\":{\"color\":{\"background\":\"#11202a\"}}} -->\n<div class=\"wp-block-group has-background\" style=\"background-color: #11202a;\">\n<div class=\"wp-block-group__inner-container\"><!-- wp:heading {\"textColor\":\"white\"} --><\/div>\n<\/div>\n<\/div>\n<div class=\"wp-block-column is-vertically-aligned-center\">\n<div class=\"wp-block-buttons is-content-justification-center\">\u00a0<\/div>\n<\/div>\n<\/div>\n<\/div>\n<\/div>\t\t\t\t\t\t<\/div>\n\t\t\t\t<\/div>\n\t\t\t\t\t<\/div>\n\t\t<\/div>\n\t\t\t\t\t\t\t<\/div>\n\t\t<\/section>\n\t\t\t\t\t\t<\/div>\n\t\t\t\t\t<\/div>\n\t\t","protected":false},"excerpt":{"rendered":"<p>\u00a0 \u00c9quipement \u00a0 \u00a0Accueil par les h\u00f4tes ou\u00a0arriv\u00e9e autonome (boite \u00e0 cl\u00e9) Placards coulissants avec penderie Lits faits \u00e0 l&#8217;arriv\u00e9e, sur demande Place de Parking au pied du b\u00e2timent Divers petits \u00e9lectrom\u00e9nagers (s\u00e8che-cheveux, four \u00e0 raclette&#8230;) Wi-Fi + TV Jetez un oeil dans ce studio (en cours d&#8217;am\u00e9nagement et de d\u00e9coration). En option \u00c0 r\u00e9server &hellip;<\/p>\n<p class=\"read-more\"> <a class=\"\" href=\"https:\/\/gitesdelasaisse.fr\/index.php\/logements\/studio-cote-riviere-1er-etage\/\"> <span class=\"screen-reader-text\">Studio c\u00f4t\u00e9 rivi\u00e8re (1er \u00e9tage)<\/span> Lire la suite\u00a0\u00bb<\/a><\/p>\n","protected":false},"author":1,"featured_media":0,"parent":904,"menu_order":0,"comment_status":"closed","ping_status":"closed","template":"","meta":[],"_links":{"self":[{"href":"https:\/\/gitesdelasaisse.fr\/index.php\/wp-json\/wp\/v2\/pages\/1195"}],"collection":[{"href":"https:\/\/gitesdelasaisse.fr\/index.php\/wp-json\/wp\/v2\/pages"}],"about":[{"href":"https:\/\/gitesdelasaisse.fr\/index.php\/wp-json\/wp\/v2\/types\/page"}],"author":[{"embeddable":true,"href":"https:\/\/gitesdelasaisse.fr\/index.php\/wp-json\/wp\/v2\/users\/1"}],"replies":[{"embeddable":true,"href":"https:\/\/gitesdelasaisse.fr\/index.php\/wp-json\/wp\/v2\/comments?post=1195"}],"version-history":[{"count":40,"href":"https:\/\/gitesdelasaisse.fr\/index.php\/wp-json\/wp\/v2\/pages\/1195\/revisions"}],"predecessor-version":[{"id":1567,"href":"https:\/\/gitesdelasaisse.fr\/index.php\/wp-json\/wp\/v2\/pages\/1195\/revisions\/1567"}],"up":[{"embeddable":true,"href":"https:\/\/gitesdelasaisse.fr\/index.php\/wp-json\/wp\/v2\/pages\/904"}],"wp:attachment":[{"href":"https:\/\/gitesdelasaisse.fr\/index.php\/wp-json\/wp\/v2\/media?parent=1195"}],"curies":[{"name":"wp","href":"https:\/\/api.w.org\/{rel}","templated":true}]}}