{"id":1239,"date":"2021-05-29T09:48:23","date_gmt":"2021-05-29T07:48:23","guid":{"rendered":"https:\/\/gitesdelasaisse.fr\/?page_id=1239"},"modified":"2023-01-22T15:14:22","modified_gmt":"2023-01-22T14:14:22","slug":"f1-a-la-vue-magnifique-2e-etage","status":"publish","type":"page","link":"https:\/\/gitesdelasaisse.fr\/index.php\/logements\/f1-a-la-vue-magnifique-2e-etage\/","title":{"rendered":"F2 \u00e0 la vue magnifique (2\u00e8 \u00e9tage)"},"content":{"rendered":"\t\t<div data-elementor-type=\"wp-page\" data-elementor-id=\"1239\" class=\"elementor elementor-1239\" data-elementor-settings=\"[]\">\n\t\t\t\t\t\t\t<div class=\"elementor-section-wrap\">\n\t\t\t\t\t\t\t<section class=\"elementor-section elementor-top-section elementor-element elementor-element-3e236d9 elementor-section-boxed elementor-section-height-default elementor-section-height-default\" data-id=\"3e236d9\" data-element_type=\"section\">\n\t\t\t\t\t\t<div class=\"elementor-container elementor-column-gap-default\">\n\t\t\t\t\t<div class=\"elementor-column elementor-col-100 elementor-top-column elementor-element elementor-element-43999029\" data-id=\"43999029\" data-element_type=\"column\">\n\t\t\t<div class=\"elementor-widget-wrap elementor-element-populated\">\n\t\t\t\t\t\t\t\t<div class=\"elementor-element elementor-element-51a414e3 elementor-widget elementor-widget-text-editor\" data-id=\"51a414e3\" data-element_type=\"widget\" data-widget_type=\"text-editor.default\">\n\t\t\t\t<div class=\"elementor-widget-container\">\n\t\t\t\t\t\t\t<p><!-- wp:cover {\"url\":\"https:\/\/gitesdelasaisse.fr\/wp-content\/uploads\/2021\/05\/hero-section-banner.jpg\",\"id\":18,\"dimRatio\":70,\"minHeight\":800,\"customGradient\":\"linear-gradient(135deg,rgb(11,33,43) 0%,rgb(29,57,75) 100%)\",\"align\":\"full\"} --><\/p>\n<div class=\"wp-block-cover alignfull has-background-dim-70 has-background-dim has-background-gradient\" style=\"min-height: 800px;\">\n<p><img decoding=\"async\" class=\"wp-block-cover__image-background wp-image-18\" src=\"https:\/\/gitesdelasaisse.fr\/wp-content\/uploads\/2021\/07\/IMG_5733.jpeg\" alt=\"\" data-object-fit=\"cover\" \/><\/p>\n<div class=\"wp-block-cover__inner-container\">\n<p><!-- wp:heading {\"textAlign\":\"center\",\"level\":1,\"textColor\":\"white\"} --><\/p>\n<h1 class=\"has-text-align-center has-white-color has-text-color\">F2 \u00e0 la vue majestueuse<\/h1>\n<h1 class=\"has-text-align-center has-white-color has-text-color\">(2\u00e8 \u00e9tage &#8211; 4 pers.)<\/h1>\n<p><!-- \/wp:heading --><!-- wp:heading {\"textAlign\":\"center\",\"level\":5,\"textColor\":\"white\"} --><\/p>\n<h5 class=\"has-text-align-center has-white-color has-text-color\">\u00a0<\/h5>\n<p><!-- \/wp:heading --><!-- wp:buttons {\"contentJustification\":\"center\"} --><\/p>\n<div class=\"wp-block-buttons is-content-justification-center\">\n<p><!-- wp:button --><\/p>\n<div class=\"wp-block-button\"><a class=\"wp-block-button__link\" href=\"https:\/\/gitesdelasaisse.lodgify.com\/fr\/f2-70m2-vue-panoramique-sur-lain-et-vouglans\">R\u00e9server ce spacieux F2 <\/a><\/div>\n<p><!-- \/wp:button --><\/p>\n<\/div>\n<p><!-- \/wp:buttons --><\/p>\n<\/div>\n<\/div>\n<p><!-- \/wp:cover --><!-- wp:group {\"align\":\"full\",\"backgroundColor\":\"white\"} --><\/p>\n<div id=\"about\" class=\"wp-block-group alignfull has-white-background-color has-background\">\n<div class=\"wp-block-group__inner-container\">\n<p><!-- wp:heading {\"textAlign\":\"center\"} --><\/p>\n<h2 class=\"has-text-align-center\">Description<\/h2>\n<p><!-- \/wp:heading --><!-- wp:paragraph {\"align\":\"center\"} --><\/p>\n<p class=\"has-text-align-center\">Ce F2 sous les toits, au 2\u00e8 \u00e9tage, a une vue majestueuse sur la rivi\u00e8re et le lac !<\/p>\n<p><!-- \/wp:paragraph --><!-- wp:media-text {\"align\":\"\",\"mediaId\":27,\"mediaLink\":\"https:\/\/websitedemos.net\/hotel-08\/home\/hotel-bar\/\",\"mediaType\":\"image\"} --><\/p>\n<div class=\"wp-block-media-text is-stacked-on-mobile\">\n<figure class=\"wp-block-media-text__media\"><img decoding=\"async\" loading=\"lazy\" class=\"alignnone size-medium wp-image-1422\" src=\"https:\/\/gitesdelasaisse.fr\/wp-content\/uploads\/2021\/07\/IMG_5730-300x225.jpeg\" alt=\"\" width=\"300\" height=\"225\" srcset=\"https:\/\/gitesdelasaisse.fr\/wp-content\/uploads\/2021\/07\/IMG_5730-300x225.jpeg 300w, https:\/\/gitesdelasaisse.fr\/wp-content\/uploads\/2021\/07\/IMG_5730-1024x768.jpeg 1024w, https:\/\/gitesdelasaisse.fr\/wp-content\/uploads\/2021\/07\/IMG_5730-768x576.jpeg 768w, https:\/\/gitesdelasaisse.fr\/wp-content\/uploads\/2021\/07\/IMG_5730-1536x1152.jpeg 1536w, https:\/\/gitesdelasaisse.fr\/wp-content\/uploads\/2021\/07\/IMG_5730.jpeg 2048w\" sizes=\"(max-width: 300px) 100vw, 300px\" \/><\/figure>\n<div class=\"wp-block-media-text__content\">\n<p><!-- wp:heading {\"level\":3} --><\/p>\n<h3>Orient\u00e9 Sud-Est, ce vaste F2 domine la rivi\u00e8re d&#8217;Ain et le lac.<\/h3>\n<p><!-- \/wp:heading --><!-- wp:paragraph --><\/p>\n<p><strong>Ce F2 est magique pour profiter de la vue du port de la Saisse.\u00a0<\/strong><\/p>\n<p><!-- \/wp:paragraph --><!-- wp:paragraph --><\/p>\n<p><strong>Appartement pour 4 personnes<\/strong> : 1 chambre mansard\u00e9e avec un lit en 140&#215;200 avec sommier \u00e0 lattes et tiroirs de rangement dessous, et 1 placard coulissant avec \u00e9tag\u00e8res et penderie. Dans le salon se trouve une canap\u00e9 convertible &#8220;Bed Express&#8221; 140&#215;200 de qualit\u00e9 couchage quotidien avec sommier \u00e0 lattes. Des volets roulants \u00e9lectriques et des rideaux occultants vous assureront de dormir dans le noir au salon.<\/p>\n<p>Pour cuisiner vous disposez d&#8217;<strong>une cuisine toute \u00e9quip\u00e9e, neuve et de qualit\u00e9 (Chabert Duval)<\/strong> avec : 1 lave-vaisselle, 1 grand r\u00e9frig\u00e9rateur avec\u00a0 cong\u00e9lateur, 4 plaques \u00e0 induction et une hotte, four avec pyrolyse, four \u00e0 micro-ondes, grille pain, bouilloire \u00e9lectrique, cafeti\u00e8re, mixeur \u00e0 soupe&#8230;\u00a01 bar avec chaises hautes + 1 table de salle \u00e0 manger et chaises.\u00a0 Vaisselle, plats, casseroles, poeles et ustensiles de cuisine.<\/p>\n<p>La salle de douche (avec placards, s\u00e8che serviettes, s\u00e8che cheveux&#8230;) est s\u00e9par\u00e9e des toilettes.<\/p>\n<p>\u00a0<\/p>\n<p><!-- \/wp:paragraph --><\/p>\n<\/div>\n<\/div>\n<p><!-- \/wp:media-text --><\/p>\n<\/div>\n<\/div>\n<p><!-- \/wp:group --><!-- wp:group {\"align\":\"full\",\"style\":{\"color\":{\"background\":\"#f6f6f9\"}}} --><\/p>\n<div id=\"amenities\" class=\"wp-block-group alignfull has-background\" style=\"background-color: #f6f6f9;\">\n<div class=\"wp-block-group__inner-container\">\n<p><!-- wp:heading {\"textAlign\":\"center\"} --><\/p>\n<h2 class=\"has-text-align-center\">\u00c9quipement<\/h2>\n<p>\u00a0<\/p>\n<p><!-- \/wp:heading --><!-- wp:paragraph {\"align\":\"center\"} --><\/p>\n<div class=\"wp-block-columns alignwide\">\n<div class=\"wp-block-column\">\n<div class=\"wp-block-columns\">\n<p><!-- \/wp:column --><!-- wp:column --><\/p>\n<div class=\"wp-block-column\">\n<p><!-- wp:image {\"align\":\"center\",\"id\":70,\"width\":74,\"height\":76,\"sizeSlug\":\"large\"} --><\/p>\n<div class=\"wp-block-image\">\n<figure class=\"aligncenter size-large is-resized\"><img decoding=\"async\" loading=\"lazy\" class=\"wp-image-70 aligncenter\" src=\"https:\/\/image.flaticon.com\/icons\/png\/512\/2547\/2547993.png\" alt=\"\" width=\"74\" height=\"76\" \/><\/figure>\n<\/div>\n<p><!-- \/wp:image --><!-- wp:paragraph {\"align\":\"center\"} --><\/p>\n<p class=\"has-text-align-center\" style=\"text-align: center;\">\u00a0Accueil par les h\u00f4tes ou\u00a0arriv\u00e9e autonome (boite \u00e0 cl\u00e9)<\/p>\n<p><!-- \/wp:paragraph --><\/p>\n<\/div>\n<p><!-- \/wp:column --><!-- wp:column --><\/p>\n<div class=\"wp-block-column\">\n<p><!-- wp:image {\"align\":\"center\",\"id\":72,\"width\":74,\"height\":76,\"sizeSlug\":\"large\"} --><\/p>\n<div class=\"wp-block-image\">\n<figure class=\"aligncenter size-large is-resized\"><img decoding=\"async\" loading=\"lazy\" class=\"wp-image-72\" src=\"https:\/\/image.flaticon.com\/icons\/png\/512\/1288\/1288972.png\" alt=\"\" width=\"74\" height=\"76\" \/><\/figure>\n<\/div>\n<p><!-- \/wp:image --><!-- wp:paragraph {\"align\":\"center\"} --><\/p>\n<p class=\"has-text-align-center\">Placards coulissants avec penderie<\/p>\n<p><!-- \/wp:paragraph --><\/p>\n<\/div>\n<p><!-- \/wp:column --><!-- wp:column --><\/p>\n<\/div>\n<\/div>\n<div class=\"wp-block-column\">\n<div class=\"wp-block-columns\">\n<p><!-- \/wp:column --><!-- wp:column --><\/p>\n<div class=\"wp-block-column\">\n<p><!-- wp:image {\"align\":\"center\",\"id\":68,\"width\":74,\"height\":76,\"sizeSlug\":\"large\"} --><\/p>\n<div class=\"wp-block-image\">\n<figure class=\"aligncenter size-large is-resized\"><img decoding=\"async\" loading=\"lazy\" class=\"wp-image-68\" src=\"https:\/\/image.flaticon.com\/icons\/png\/512\/75\/75905.png\" alt=\"\" width=\"74\" height=\"76\" \/><\/figure>\n<\/div>\n<p><!-- \/wp:image --><!-- wp:paragraph {\"align\":\"center\"} --><\/p>\n<p class=\"has-text-align-center\">Place de Parking au pied du b\u00e2timent<\/p>\n<p><!-- \/wp:paragraph --><\/p>\n<\/div>\n<p><!-- \/wp:column --><!-- wp:column --><\/p>\n<div class=\"wp-block-column\">\n<p><!-- wp:image {\"align\":\"center\",\"id\":69,\"width\":74,\"height\":76,\"sizeSlug\":\"large\"} --><\/p>\n<div class=\"wp-block-image\">\n<figure class=\"aligncenter size-large is-resized\"><img decoding=\"async\" loading=\"lazy\" class=\"wp-image-69\" src=\"https:\/\/image.flaticon.com\/icons\/png\/512\/15\/15735.png\" alt=\"\" width=\"74\" height=\"76\" \/><\/figure>\n<\/div>\n<p><!-- \/wp:image --><!-- wp:paragraph {\"align\":\"center\"} --><\/p>\n<p class=\"has-text-align-center\">Divers \u00e9lectrom\u00e9nager <\/p>\n<p><!-- \/wp:paragraph --><\/p>\n<\/div>\n<p><!-- \/wp:column --><!-- wp:column --><\/p>\n<div class=\"wp-block-column\">\n<p><!-- wp:image {\"align\":\"center\",\"id\":67,\"width\":74,\"height\":76,\"sizeSlug\":\"large\"} --><\/p>\n<div class=\"wp-block-image\">\n<figure class=\"aligncenter size-large is-resized\"><img decoding=\"async\" loading=\"lazy\" class=\"wp-image-67\" src=\"https:\/\/gitesdelasaisse.fr\/wp-content\/uploads\/2020\/05\/wifi.png\" alt=\"\" width=\"74\" height=\"76\" \/><\/figure>\n<\/div>\n<p><!-- \/wp:image --><!-- wp:paragraph {\"align\":\"center\"} --><\/p>\n<p class=\"has-text-align-center\">Wi-Fi + TV connect\u00e9e \u00e0 \u00e9cran plat<\/p>\n<\/div>\n<\/div>\n<\/div>\n<\/div>\n<\/div>\n<\/div>\n<p><!-- \/wp:columns --><\/p>\n<div id=\"gallery\" class=\"wp-block-group alignfull has-white-background-color has-background\">\n<div class=\"wp-block-group__inner-container\">\n<h2 class=\"has-text-align-center\">Galerie d&#8217;images<\/h2>\n<p><!-- \/wp:heading --><!-- wp:paragraph {\"align\":\"center\"} --><\/p>\n<h5 class=\"has-text-align-center\">Jetez un oeil dans ce studio (<span style=\"text-decoration: underline;\"><strong>en cours d&#8217;am\u00e9nagement et de d\u00e9coration<\/strong><\/span>).<\/h5>\n<p>En entrant dans l&#8217;appartement, vous trouverez \u00e0 votre droite les toilettes, \u00e0 votre gauche la chambre, puis vous arrivez dans la grande pi\u00e8ce \u00e0 vivre avec ses 6m de baies vitr\u00e9es sur la gauche, salle de bain et cuisine \u00e0 droite.<\/p>\n<p><!-- \/wp:paragraph --><!-- wp:gallery {\"ids\":[116,177,178,179,180,181,182,183],\"columns\":4,\"linkTo\":\"none\",\"sizeSlug\":\"full\"} --><\/p>\n<figure class=\"wp-block-gallery columns-4 is-cropped\">\n<ul class=\"blocks-gallery-grid\">\n<li class=\"blocks-gallery-item\">\n<figure><img decoding=\"async\" loading=\"lazy\" class=\"alignnone size-medium wp-image-1418\" src=\"https:\/\/gitesdelasaisse.fr\/wp-content\/uploads\/2021\/07\/IMG_5726-e1626419310468-300x225.jpeg\" alt=\"\" width=\"300\" height=\"225\" srcset=\"https:\/\/gitesdelasaisse.fr\/wp-content\/uploads\/2021\/07\/IMG_5726-e1626419310468-300x225.jpeg 300w, https:\/\/gitesdelasaisse.fr\/wp-content\/uploads\/2021\/07\/IMG_5726-e1626419310468-1024x768.jpeg 1024w, https:\/\/gitesdelasaisse.fr\/wp-content\/uploads\/2021\/07\/IMG_5726-e1626419310468-768x576.jpeg 768w, https:\/\/gitesdelasaisse.fr\/wp-content\/uploads\/2021\/07\/IMG_5726-e1626419310468-1536x1152.jpeg 1536w, https:\/\/gitesdelasaisse.fr\/wp-content\/uploads\/2021\/07\/IMG_5726-e1626419310468.jpeg 2048w\" sizes=\"(max-width: 300px) 100vw, 300px\" \/><\/figure>\n<\/li>\n<li class=\"blocks-gallery-item\">\n<figure><img decoding=\"async\" loading=\"lazy\" class=\"alignnone size-medium wp-image-1423\" src=\"https:\/\/gitesdelasaisse.fr\/wp-content\/uploads\/2021\/07\/IMG_5731-300x225.jpeg\" alt=\"\" width=\"300\" height=\"225\" srcset=\"https:\/\/gitesdelasaisse.fr\/wp-content\/uploads\/2021\/07\/IMG_5731-300x225.jpeg 300w, https:\/\/gitesdelasaisse.fr\/wp-content\/uploads\/2021\/07\/IMG_5731-1024x768.jpeg 1024w, https:\/\/gitesdelasaisse.fr\/wp-content\/uploads\/2021\/07\/IMG_5731-768x576.jpeg 768w, https:\/\/gitesdelasaisse.fr\/wp-content\/uploads\/2021\/07\/IMG_5731-1536x1152.jpeg 1536w, https:\/\/gitesdelasaisse.fr\/wp-content\/uploads\/2021\/07\/IMG_5731.jpeg 2048w\" sizes=\"(max-width: 300px) 100vw, 300px\" \/><\/figure>\n<\/li>\n<li class=\"blocks-gallery-item\">\n<figure><img decoding=\"async\" class=\"wp-image-178\" src=\"https:\/\/gitesdelasaisse.fr\/wp-content\/uploads\/2021\/05\/IMG_5318.jpeg\" alt=\"\" data-id=\"178\" data-full-url=\"https:\/\/gitesdelasaisse.fr\/wp-content\/uploads\/2020\/05\/slide2-free-img.jpg\" data-link=\"https:\/\/websitedemos.net\/hotel-08\/home\/slide2-free-img\/\" \/><\/figure>\n<\/li>\n<li class=\"blocks-gallery-item\">\n<figure><img decoding=\"async\" loading=\"lazy\" class=\"alignnone size-medium wp-image-1426\" src=\"https:\/\/gitesdelasaisse.fr\/wp-content\/uploads\/2021\/07\/IMG_5734-300x225.jpeg\" alt=\"\" width=\"300\" height=\"225\" srcset=\"https:\/\/gitesdelasaisse.fr\/wp-content\/uploads\/2021\/07\/IMG_5734-300x225.jpeg 300w, https:\/\/gitesdelasaisse.fr\/wp-content\/uploads\/2021\/07\/IMG_5734-1024x768.jpeg 1024w, https:\/\/gitesdelasaisse.fr\/wp-content\/uploads\/2021\/07\/IMG_5734-768x576.jpeg 768w, https:\/\/gitesdelasaisse.fr\/wp-content\/uploads\/2021\/07\/IMG_5734-1536x1152.jpeg 1536w, https:\/\/gitesdelasaisse.fr\/wp-content\/uploads\/2021\/07\/IMG_5734.jpeg 2048w\" sizes=\"(max-width: 300px) 100vw, 300px\" \/><\/figure>\n<\/li>\n<li class=\"blocks-gallery-item\">\n<figure><img decoding=\"async\" loading=\"lazy\" class=\"alignnone size-medium wp-image-1421\" src=\"https:\/\/gitesdelasaisse.fr\/wp-content\/uploads\/2021\/07\/IMG_5729-300x225.jpeg\" alt=\"\" width=\"300\" height=\"225\" srcset=\"https:\/\/gitesdelasaisse.fr\/wp-content\/uploads\/2021\/07\/IMG_5729-300x225.jpeg 300w, https:\/\/gitesdelasaisse.fr\/wp-content\/uploads\/2021\/07\/IMG_5729-1024x768.jpeg 1024w, https:\/\/gitesdelasaisse.fr\/wp-content\/uploads\/2021\/07\/IMG_5729-768x576.jpeg 768w, https:\/\/gitesdelasaisse.fr\/wp-content\/uploads\/2021\/07\/IMG_5729-1536x1152.jpeg 1536w, https:\/\/gitesdelasaisse.fr\/wp-content\/uploads\/2021\/07\/IMG_5729.jpeg 2048w\" sizes=\"(max-width: 300px) 100vw, 300px\" \/><\/figure>\n<\/li>\n<li class=\"blocks-gallery-item\">\n<figure><img decoding=\"async\" loading=\"lazy\" class=\"alignnone size-medium wp-image-1427\" src=\"https:\/\/gitesdelasaisse.fr\/wp-content\/uploads\/2021\/07\/IMG_5736-225x300.jpeg\" alt=\"\" width=\"225\" height=\"300\" srcset=\"https:\/\/gitesdelasaisse.fr\/wp-content\/uploads\/2021\/07\/IMG_5736-225x300.jpeg 225w, https:\/\/gitesdelasaisse.fr\/wp-content\/uploads\/2021\/07\/IMG_5736-768x1024.jpeg 768w, https:\/\/gitesdelasaisse.fr\/wp-content\/uploads\/2021\/07\/IMG_5736-1152x1536.jpeg 1152w, https:\/\/gitesdelasaisse.fr\/wp-content\/uploads\/2021\/07\/IMG_5736.jpeg 1536w\" sizes=\"(max-width: 225px) 100vw, 225px\" \/><\/figure>\n<\/li>\n<li class=\"blocks-gallery-item\">\n<figure><img decoding=\"async\" class=\"wp-image-182\" src=\"https:\/\/gitesdelasaisse.fr\/wp-content\/uploads\/2021\/05\/IMG_5308.jpeg\" alt=\"\" data-id=\"182\" data-full-url=\"https:\/\/gitesdelasaisse.fr\/wp-content\/uploads\/2021\/05\/IMG_5301.jpeg\" data-link=\"https:\/\/websitedemos.net\/hotel-08\/home\/hotel-dish\/\" \/><\/figure>\n<\/li>\n<li class=\"blocks-gallery-item\">\n<figure><img decoding=\"async\" loading=\"lazy\" class=\"alignnone size-medium wp-image-1424\" src=\"https:\/\/gitesdelasaisse.fr\/wp-content\/uploads\/2021\/07\/IMG_5732-300x225.jpeg\" alt=\"\" width=\"300\" height=\"225\" srcset=\"https:\/\/gitesdelasaisse.fr\/wp-content\/uploads\/2021\/07\/IMG_5732-300x225.jpeg 300w, https:\/\/gitesdelasaisse.fr\/wp-content\/uploads\/2021\/07\/IMG_5732-1024x768.jpeg 1024w, https:\/\/gitesdelasaisse.fr\/wp-content\/uploads\/2021\/07\/IMG_5732-768x576.jpeg 768w, https:\/\/gitesdelasaisse.fr\/wp-content\/uploads\/2021\/07\/IMG_5732-1536x1152.jpeg 1536w, https:\/\/gitesdelasaisse.fr\/wp-content\/uploads\/2021\/07\/IMG_5732.jpeg 2048w\" sizes=\"(max-width: 300px) 100vw, 300px\" \/><\/figure>\n<\/li>\n<\/ul>\n<\/figure>\n<p><!-- \/wp:gallery --><\/p>\n<\/div>\n<\/div>\n<p><!-- \/wp:group --><!-- wp:group {\"align\":\"full\",\"style\":{\"color\":{\"background\":\"#f4f4f4\"}}} --><\/p>\n<div id=\"packages\" class=\"wp-block-group alignfull has-background\" style=\"background-color: #f4f4f4;\">\n<div class=\"wp-block-group__inner-container\">\n<p><!-- wp:heading {\"textAlign\":\"center\"} --><\/p>\n<h2 class=\"has-text-align-center\">En option<\/h2>\n<p><!-- \/wp:heading --><!-- wp:paragraph {\"align\":\"center\"} --><\/p>\n<p class=\"has-text-align-center\">\u00c0 r\u00e9server avant d&#8217;arriver pour s&#8217;assurer de leur disponibilit\u00e9 :\u00a0<\/p>\n<p><!-- \/wp:paragraph --><!-- wp:columns {\"verticalAlignment\":\"center\",\"align\":\"wide\"} --><\/p>\n<div class=\"wp-block-columns alignwide are-vertically-aligned-center\">\n<p><!-- wp:column {\"verticalAlignment\":\"center\"} --><\/p>\n<div class=\"wp-block-column is-vertically-aligned-center\">\n<p><!-- wp:media-text {\"mediaId\":190,\"mediaType\":\"image\",\"isStackedOnMobile\":false,\"verticalAlignment\":\"center\",\"imageFill\":false,\"backgroundColor\":\"white\",\"className\":\"is-stacked-on-mobile\"} --><\/p>\n<div class=\"wp-block-media-text alignwide is-vertically-aligned-center is-stacked-on-mobile has-white-background-color has-background\">\n<figure class=\"wp-block-media-text__media\"><img decoding=\"async\" class=\"wp-image-190 size-full\" src=\"https:\/\/cdn.pixabay.com\/photo\/2016\/11\/23\/17\/31\/boy-1853960_960_720.jpg\" alt=\"\" \/><\/figure>\n<div class=\"wp-block-media-text__content\">\n<p><!-- wp:heading {\"level\":4} --><\/p>\n<h4>Paddle<\/h4>\n<p><!-- \/wp:heading --><!-- wp:heading {\"level\":6} --><!-- \/wp:heading --><!-- wp:paragraph --><\/p>\n<p>Pour des balades calmes sur l&#8217;eau ou des jeux en famille.<\/p>\n<p><!-- \/wp:paragraph --><!-- wp:image {\"id\":266,\"width\":137,\"height\":28,\"sizeSlug\":\"large\",\"linkDestination\":\"none\"} --><\/p>\n<figure class=\"wp-block-image size-large is-resized\"><\/figure>\n<p><!-- \/wp:image --><\/p>\n<\/div>\n<\/div>\n<p><!-- \/wp:media-text --><\/p>\n<\/div>\n<p><!-- \/wp:column --><!-- wp:column {\"verticalAlignment\":\"center\"} --><\/p>\n<div class=\"wp-block-column is-vertically-aligned-center\">\n<p><!-- wp:media-text {\"mediaId\":189,\"mediaType\":\"image\",\"isStackedOnMobile\":false,\"verticalAlignment\":\"center\",\"imageFill\":false,\"backgroundColor\":\"white\",\"className\":\"is-stacked-on-mobile\"} --><\/p>\n<div class=\"wp-block-media-text alignwide is-vertically-aligned-center is-stacked-on-mobile has-white-background-color has-background\">\n<figure class=\"wp-block-media-text__media\"><img decoding=\"async\" class=\"wp-image-189 size-full\" src=\"https:\/\/cdn.pixabay.com\/photo\/2020\/09\/03\/13\/53\/fishing-boat-5541327_960_720.jpg\" alt=\"\" \/><\/figure>\n<div class=\"wp-block-media-text__content\">\n<p><!-- wp:heading {\"level\":4} --><\/p>\n<h4>Bateau<\/h4>\n<p><!-- \/wp:heading --><!-- wp:heading {\"level\":6} --><!-- \/wp:heading --><!-- wp:paragraph --><\/p>\n<p>\u00c0 moteur et sans permis, (p\u00eache ou d\u00e9couverte du lac.<\/p>\n<p><!-- \/wp:paragraph --><!-- wp:image {\"id\":266,\"width\":137,\"height\":28,\"sizeSlug\":\"large\",\"linkDestination\":\"none\"} --><\/p>\n<p><!-- \/wp:image --><\/p>\n<\/div>\n<\/div>\n<p><!-- \/wp:media-text --><\/p>\n<\/div>\n<p><!-- \/wp:column --><\/p>\n<\/div>\n<p><!-- \/wp:columns --><!-- wp:columns {\"verticalAlignment\":\"center\",\"align\":\"wide\"} --><\/p>\n<div class=\"wp-block-columns alignwide are-vertically-aligned-center\">\n<p><!-- wp:column {\"verticalAlignment\":\"center\"} --><\/p>\n<div class=\"wp-block-column is-vertically-aligned-center\">\n<p><!-- wp:media-text {\"mediaId\":187,\"mediaType\":\"image\",\"isStackedOnMobile\":false,\"verticalAlignment\":\"center\",\"imageFill\":false,\"backgroundColor\":\"white\",\"className\":\"is-stacked-on-mobile\"} --><\/p>\n<div class=\"wp-block-media-text alignwide is-vertically-aligned-center is-stacked-on-mobile has-white-background-color has-background\">\n<p><img decoding=\"async\" loading=\"lazy\" class=\"alignnone size-full wp-image-1487\" src=\"https:\/\/gitesdelasaisse.fr\/wp-content\/uploads\/2023\/01\/images.jpg\" alt=\"\" width=\"225\" height=\"225\" srcset=\"https:\/\/gitesdelasaisse.fr\/wp-content\/uploads\/2023\/01\/images.jpg 225w, https:\/\/gitesdelasaisse.fr\/wp-content\/uploads\/2023\/01\/images-150x150.jpg 150w\" sizes=\"(max-width: 225px) 100vw, 225px\" \/><\/p>\n<div class=\"wp-block-media-text__content\">\n<p><!-- wp:heading {\"level\":4} --><\/p>\n<h4>Kit B\u00e9b\u00e9<\/h4>\n<p><!-- \/wp:heading --><!-- wp:paragraph --><\/p>\n<p>Lit parapluie et matelas, chaise haute, pot, baignoire&#8230;<\/p>\n<p><!-- \/wp:paragraph --><!-- wp:image {\"id\":269,\"width\":210,\"height\":28,\"sizeSlug\":\"large\",\"linkDestination\":\"none\"} --><\/p>\n<figure class=\"wp-block-image size-large is-resized\"><\/figure>\n<p><!-- \/wp:image --><\/p>\n<\/div>\n<\/div>\n<p><!-- \/wp:media-text --><\/p>\n<\/div>\n<p><!-- \/wp:column --><!-- wp:column {\"verticalAlignment\":\"center\"} --><\/p>\n<div class=\"wp-block-column is-vertically-aligned-center\">\n<p><!-- wp:media-text {\"mediaId\":188,\"mediaType\":\"image\",\"isStackedOnMobile\":false,\"verticalAlignment\":\"center\",\"imageFill\":false,\"backgroundColor\":\"white\",\"className\":\"is-stacked-on-mobile\"} --><\/p>\n<div class=\"wp-block-media-text alignwide is-vertically-aligned-center is-stacked-on-mobile has-white-background-color has-background\">\n<figure class=\"wp-block-media-text__media\"><img decoding=\"async\" loading=\"lazy\" class=\"alignnone size-medium wp-image-1576\" src=\"https:\/\/gitesdelasaisse.fr\/wp-content\/uploads\/2023\/01\/360_F_193116446_Gm0NpfZMSjlDUaP7Kd0BQp1FeY5AwyL2-300x222.jpg\" alt=\"\" width=\"300\" height=\"222\" srcset=\"https:\/\/gitesdelasaisse.fr\/wp-content\/uploads\/2023\/01\/360_F_193116446_Gm0NpfZMSjlDUaP7Kd0BQp1FeY5AwyL2-300x222.jpg 300w, https:\/\/gitesdelasaisse.fr\/wp-content\/uploads\/2023\/01\/360_F_193116446_Gm0NpfZMSjlDUaP7Kd0BQp1FeY5AwyL2.jpg 486w\" sizes=\"(max-width: 300px) 100vw, 300px\" \/><\/figure>\n<div class=\"wp-block-media-text__content\">\n<p><!-- wp:heading {\"level\":4} --><\/p>\n<h4>Contactez-nous ! \ud83d\ude42<\/h4>\n<p><!-- \/wp:heading --><!-- wp:heading {\"level\":6} --><!-- \/wp:heading --><!-- wp:paragraph --><\/p>\n<p><!-- \/wp:paragraph --><!-- wp:image {\"id\":269,\"width\":210,\"height\":28,\"sizeSlug\":\"large\",\"linkDestination\":\"none\"} --><!-- \/wp:image --><\/p>\n<\/div>\n<\/div>\n<p><!-- \/wp:media-text --><\/p>\n<\/div>\n<p><!-- \/wp:column --><\/p>\n<\/div>\n<p><!-- \/wp:columns --><\/p>\n<\/div>\n<\/div>\n<p><!-- \/wp:group --><!-- wp:group {\"align\":\"full\",\"backgroundColor\":\"white\"} --><\/p>\n<div id=\"bookings\" class=\"wp-block-group alignfull has-white-background-color has-background\">\n<div class=\"wp-block-group__inner-container\">\n<p><!-- wp:columns {\"verticalAlignment\":\"center\",\"align\":\"wide\"} --><\/p>\n<div class=\"wp-block-columns alignwide are-vertically-aligned-center\">\n<p><!-- wp:column {\"verticalAlignment\":\"center\"} --><\/p>\n<div class=\"wp-block-column is-vertically-aligned-center\">\n<p><!-- wp:group {\"style\":{\"color\":{\"background\":\"#11202a\"}}} --><\/p>\n<div class=\"wp-block-group has-background\" style=\"background-color: #11202a;\">\n<div class=\"wp-block-group__inner-container\"><!-- wp:heading {\"textColor\":\"white\"} --><\/div>\n<\/div>\n<\/div>\n<div class=\"wp-block-column is-vertically-aligned-center\">\n<div class=\"wp-block-buttons is-content-justification-center\">\u00a0<\/div>\n<\/div>\n<\/div>\n<\/div>\n<\/div>\t\t\t\t\t\t<\/div>\n\t\t\t\t<\/div>\n\t\t\t\t\t<\/div>\n\t\t<\/div>\n\t\t\t\t\t\t\t<\/div>\n\t\t<\/section>\n\t\t\t\t\t\t<\/div>\n\t\t\t\t\t<\/div>\n\t\t","protected":false},"excerpt":{"rendered":"<p>\u00a0 \u00a0 \u00a0 \u00a0 \u00a0 \u00a0 \u00a0 \u00a0 \u00a0 \u00a0 \u00a0 \u00a0 \u00a0 \u00a0 \u00a0 \u00a0 \u00a0 \u00a0 \u00a0 Description Ce F2 sous les toits, au 2\u00e8 \u00e9tage, a une vue majestueuse sur la rivi\u00e8re et le lac ! Orient\u00e9 Sud-Est, ce vaste F2 domine la rivi\u00e8re d&#8217;Ain et le lac. Ce F2 est magique &hellip;<\/p>\n<p class=\"read-more\"> <a class=\"\" href=\"https:\/\/gitesdelasaisse.fr\/index.php\/logements\/f1-a-la-vue-magnifique-2e-etage\/\"> <span class=\"screen-reader-text\">F2 \u00e0 la vue magnifique (2\u00e8 \u00e9tage)<\/span> Lire la suite\u00a0\u00bb<\/a><\/p>\n","protected":false},"author":1,"featured_media":0,"parent":904,"menu_order":0,"comment_status":"closed","ping_status":"closed","template":"","meta":[],"_links":{"self":[{"href":"https:\/\/gitesdelasaisse.fr\/index.php\/wp-json\/wp\/v2\/pages\/1239"}],"collection":[{"href":"https:\/\/gitesdelasaisse.fr\/index.php\/wp-json\/wp\/v2\/pages"}],"about":[{"href":"https:\/\/gitesdelasaisse.fr\/index.php\/wp-json\/wp\/v2\/types\/page"}],"author":[{"embeddable":true,"href":"https:\/\/gitesdelasaisse.fr\/index.php\/wp-json\/wp\/v2\/users\/1"}],"replies":[{"embeddable":true,"href":"https:\/\/gitesdelasaisse.fr\/index.php\/wp-json\/wp\/v2\/comments?post=1239"}],"version-history":[{"count":48,"href":"https:\/\/gitesdelasaisse.fr\/index.php\/wp-json\/wp\/v2\/pages\/1239\/revisions"}],"predecessor-version":[{"id":1599,"href":"https:\/\/gitesdelasaisse.fr\/index.php\/wp-json\/wp\/v2\/pages\/1239\/revisions\/1599"}],"up":[{"embeddable":true,"href":"https:\/\/gitesdelasaisse.fr\/index.php\/wp-json\/wp\/v2\/pages\/904"}],"wp:attachment":[{"href":"https:\/\/gitesdelasaisse.fr\/index.php\/wp-json\/wp\/v2\/media?parent=1239"}],"curies":[{"name":"wp","href":"https:\/\/api.w.org\/{rel}","templated":true}]}}