{"id":1250,"date":"2021-05-29T10:06:47","date_gmt":"2021-05-29T08:06:47","guid":{"rendered":"https:\/\/gitesdelasaisse.fr\/?page_id=1250"},"modified":"2023-01-22T14:58:25","modified_gmt":"2023-01-22T13:58:25","slug":"f2-avec-terrasse-rez-de-chaussee","status":"publish","type":"page","link":"https:\/\/gitesdelasaisse.fr\/index.php\/logements\/f2-avec-terrasse-rez-de-chaussee\/","title":{"rendered":"F3 avec terrasse (rez de chauss\u00e9e)"},"content":{"rendered":"\t\t<div data-elementor-type=\"wp-page\" data-elementor-id=\"1250\" class=\"elementor elementor-1250\" data-elementor-settings=\"[]\">\n\t\t\t\t\t\t\t<div class=\"elementor-section-wrap\">\n\t\t\t\t\t\t\t<section class=\"elementor-section elementor-top-section elementor-element elementor-element-3e236d9 elementor-section-boxed elementor-section-height-default elementor-section-height-default\" data-id=\"3e236d9\" data-element_type=\"section\">\n\t\t\t\t\t\t<div class=\"elementor-container elementor-column-gap-default\">\n\t\t\t\t\t<div class=\"elementor-column elementor-col-100 elementor-top-column elementor-element elementor-element-43999029\" data-id=\"43999029\" data-element_type=\"column\">\n\t\t\t<div class=\"elementor-widget-wrap elementor-element-populated\">\n\t\t\t\t\t\t\t\t<div class=\"elementor-element elementor-element-51a414e3 elementor-widget elementor-widget-text-editor\" data-id=\"51a414e3\" data-element_type=\"widget\" data-widget_type=\"text-editor.default\">\n\t\t\t\t<div class=\"elementor-widget-container\">\n\t\t\t\t\t\t\t<p><!-- wp:cover {\"url\":\"https:\/\/gitesdelasaisse.fr\/wp-content\/uploads\/2021\/05\/hero-section-banner.jpg\",\"id\":18,\"dimRatio\":70,\"minHeight\":800,\"customGradient\":\"linear-gradient(135deg,rgb(11,33,43) 0%,rgb(29,57,75) 100%)\",\"align\":\"full\"} --><\/p>\n<div style=\"min-height: 800px;\">\n<p><img decoding=\"async\" loading=\"lazy\" class=\"alignnone size-medium wp-image-1399\" src=\"https:\/\/gitesdelasaisse.fr\/wp-content\/uploads\/2021\/07\/IMG_5707-300x225.jpeg\" alt=\"\" width=\"300\" height=\"225\" srcset=\"https:\/\/gitesdelasaisse.fr\/wp-content\/uploads\/2021\/07\/IMG_5707-300x225.jpeg 300w, https:\/\/gitesdelasaisse.fr\/wp-content\/uploads\/2021\/07\/IMG_5707-1024x768.jpeg 1024w, https:\/\/gitesdelasaisse.fr\/wp-content\/uploads\/2021\/07\/IMG_5707-768x576.jpeg 768w, https:\/\/gitesdelasaisse.fr\/wp-content\/uploads\/2021\/07\/IMG_5707-1536x1152.jpeg 1536w, https:\/\/gitesdelasaisse.fr\/wp-content\/uploads\/2021\/07\/IMG_5707.jpeg 2048w\" sizes=\"(max-width: 300px) 100vw, 300px\" \/><\/p>\n<div>\n<p><!-- wp:heading {\"textAlign\":\"center\",\"level\":1,\"textColor\":\"white\"} --><\/p>\n<h1>F3 avec terrasse<\/h1>\n<h1>(rdc &#8211; 6 pers.)<\/h1>\n<p><!-- \/wp:heading --><\/p>\n<p><!-- wp:heading {\"textAlign\":\"center\",\"level\":5,\"textColor\":\"white\"} --><\/p>\n<h5>\u00a0<\/h5>\n<p><!-- \/wp:heading --><\/p>\n<p><!-- wp:buttons {\"contentJustification\":\"center\"} --><\/p>\n<div>\n<p><!-- wp:button --><\/p>\n<div><a href=\"https:\/\/gitesdelasaisse.lodgify.com\/fr\/f3-70m2-gite-a-la-vue-imprenable-sur-lain-et-vouglans\" target=\"_blank\" rel=\"noopener\">R\u00e9server ce F3<\/a><\/div>\n<p><!-- \/wp:button --><\/p>\n<\/div>\n<p><!-- \/wp:buttons --><\/p>\n<\/div>\n<\/div>\n<p><!-- \/wp:cover --><\/p>\n<p><!-- wp:group {\"align\":\"full\",\"backgroundColor\":\"white\"} --><\/p>\n<div>\n<div>\n<p><!-- wp:heading {\"textAlign\":\"center\"} --><\/p>\n<h2>Description<\/h2>\n<p><!-- \/wp:heading --><\/p>\n<p><!-- wp:paragraph {\"align\":\"center\"} --><\/p>\n<p>F3 familial, 2 chambres (+ 1 canap\u00e9-lit), cuisine ouverte sur le salon, avec terrasse \u00e9quip\u00e9e face au lac et la rivi\u00e8re.<\/p>\n<p><!-- \/wp:paragraph --><\/p>\n<p><!-- wp:media-text {\"align\":\"\",\"mediaId\":27,\"mediaLink\":\"https:\/\/websitedemos.net\/hotel-08\/home\/hotel-bar\/\",\"mediaType\":\"image\"} --><\/p>\n<div>\n<div>\n<p><!-- wp:heading {\"level\":3} --><\/p>\n<h3>Orient\u00e9 Sud, l&#8217;appartement surplombe la rivi\u00e8re et sa terrasse domine le lac.<\/h3>\n<p><!-- \/wp:heading --><\/p>\n<p><!-- wp:paragraph --><\/p>\n<p><strong>Parfait pour profiter de la vue depuis les chaises longues&#8230; <\/strong><\/p>\n<p><!-- \/wp:paragraph --><\/p>\n<p><!-- wp:paragraph --><\/p>\n<p><strong>Appartement pour 6 personnes<\/strong> : <br \/>1 chambre avec un lit coffre en 140&#215;200 avec sommier \u00e0 lattes + 1 armoire coulissante \u00e0 l&#8217;entr\u00e9e de la chambre.<br \/>1 seconde chambre avec lit coffre 140&#215;200. 1 chambre avec lit identique et alc\u00f4ve, et 1 grand placard coulissant avec penderie. <br \/>Dans le salon se trouve une canap\u00e9 convertible &#8220;Bed Express&#8221; 140&#215;200 qualit\u00e9 couchage quotidien avec sommier \u00e0 lattes.<\/p>\n<p>Pour cuisiner vous disposez d&#8217;<strong>une cuisine toute \u00e9quip\u00e9e, neuve et de qualit\u00e9 (Chabert Duval)<\/strong> avec : 1 lave-vaisselle, 1 grand r\u00e9frig\u00e9rateur avec 3 tiroirs de cong\u00e9lation, 4 plaques \u00e0 induction et une hotte, four avec pyrolyse, four \u00e0 micro-ondes, grille pain, bouilloire, cafeti\u00e8re&#8230;\u00a0\u00a0<\/p>\n<p>La salle de douche est s\u00e9par\u00e9e des toilettes (sur\u00e9lev\u00e9es avec porte coulissante).<\/p>\n<p>\u00a0<\/p>\n<p><!-- \/wp:paragraph --><\/p>\n<\/div>\n<\/div>\n<p><!-- \/wp:media-text --><\/p>\n<\/div>\n<\/div>\n<p><!-- \/wp:group --><\/p>\n<p><!-- wp:group {\"align\":\"full\",\"style\":{\"color\":{\"background\":\"#f6f6f9\"}}} --><\/p>\n<div style=\"background-color: #f6f6f9;\">\n<div>\n<p><!-- wp:heading {\"textAlign\":\"center\"} --><\/p>\n<h2>\u00c9quipement<\/h2>\n<p>\u00a0<\/p>\n<p><!-- \/wp:heading --><\/p>\n<p><!-- wp:paragraph {\"align\":\"center\"} --><\/p>\n<div>\n<div>\n<div>\n<p><!-- \/wp:column --><\/p>\n<p><!-- wp:column --><\/p>\n<div>\n<p><!-- wp:image {\"align\":\"center\",\"id\":70,\"width\":74,\"height\":76,\"sizeSlug\":\"large\"} --><\/p>\n<div>\n<figure><img decoding=\"async\" loading=\"lazy\" src=\"https:\/\/image.flaticon.com\/icons\/png\/512\/2547\/2547993.png\" alt=\"\" width=\"74\" height=\"76\" \/><\/figure>\n<\/div>\n<p><!-- \/wp:image --><\/p>\n<p>\u00a0Accueil par les h\u00f4tes ou\u00a0arriv\u00e9e autonome (boite \u00e0 cl\u00e9)<\/p>\n<p><!-- wp:paragraph {\"align\":\"center\"} --><\/p>\n<p><!-- \/wp:paragraph --><\/p>\n<\/div>\n<p><!-- \/wp:column --><\/p>\n<p><!-- wp:column --><\/p>\n<div>\n<p><!-- wp:image {\"align\":\"center\",\"id\":72,\"width\":74,\"height\":76,\"sizeSlug\":\"large\"} --><\/p>\n<div>\n<figure><img decoding=\"async\" loading=\"lazy\" src=\"https:\/\/image.flaticon.com\/icons\/png\/512\/1288\/1288972.png\" alt=\"\" width=\"74\" height=\"76\" \/><\/figure>\n<\/div>\n<p><!-- \/wp:image --><\/p>\n<p><!-- wp:paragraph {\"align\":\"center\"} --><\/p>\n<p>Placards coulissants avec penderie<\/p>\n<p><!-- \/wp:paragraph --><\/p>\n<\/div>\n<p><!-- \/wp:column --><\/p>\n<p><!-- wp:column --><\/p>\n<\/div>\n<\/div>\n<div>\n<div>\n<p><!-- \/wp:column --><\/p>\n<p><!-- wp:column --><\/p>\n<div>\n<p><!-- wp:image {\"align\":\"center\",\"id\":68,\"width\":74,\"height\":76,\"sizeSlug\":\"large\"} --><\/p>\n<div>\n<figure><img decoding=\"async\" loading=\"lazy\" src=\"https:\/\/image.flaticon.com\/icons\/png\/512\/75\/75905.png\" alt=\"\" width=\"74\" height=\"76\" \/><\/figure>\n<\/div>\n<p><!-- \/wp:image --><\/p>\n<p><!-- wp:paragraph {\"align\":\"center\"} --><\/p>\n<p>Place de Parking au pied du b\u00e2timent<\/p>\n<p><!-- \/wp:paragraph --><\/p>\n<\/div>\n<p><!-- \/wp:column --><\/p>\n<p><!-- wp:column --><\/p>\n<div>\n<p><!-- wp:image {\"align\":\"center\",\"id\":69,\"width\":74,\"height\":76,\"sizeSlug\":\"large\"} --><\/p>\n<div>\n<figure><img decoding=\"async\" loading=\"lazy\" src=\"https:\/\/image.flaticon.com\/icons\/png\/512\/15\/15735.png\" alt=\"\" width=\"74\" height=\"76\" \/><\/figure>\n<\/div>\n<p><!-- \/wp:image --><\/p>\n<p><!-- wp:paragraph {\"align\":\"center\"} --><\/p>\n<p>Divers \u00e9lectrom\u00e9nager (s\u00e8che-cheveux, four \u00e0 raclette&#8230;)<\/p>\n<p><!-- \/wp:paragraph --><\/p>\n<\/div>\n<p><!-- \/wp:column --><\/p>\n<p><!-- wp:column --><\/p>\n<div>\n<p><!-- wp:image {\"align\":\"center\",\"id\":67,\"width\":74,\"height\":76,\"sizeSlug\":\"large\"} --><\/p>\n<div>\n<figure><img decoding=\"async\" loading=\"lazy\" src=\"https:\/\/gitesdelasaisse.fr\/wp-content\/uploads\/2020\/05\/wifi.png\" alt=\"\" width=\"74\" height=\"76\" \/><\/figure>\n<\/div>\n<p><!-- \/wp:image --><\/p>\n<p><!-- wp:paragraph {\"align\":\"center\"} --><\/p>\n<p>Wi-Fi + TV \u00e9cran plat<\/p>\n<\/div>\n<\/div>\n<\/div>\n<\/div>\n<\/div>\n<\/div>\n<p><!-- \/wp:columns --><\/p>\n<div>\n<div>\n<h2>Galerie d&#8217;images<\/h2>\n<p><!-- \/wp:heading --><\/p>\n<p><!-- wp:paragraph {\"align\":\"center\"} --><\/p>\n<p>Jetez un oeil dans ce studio (<span style=\"text-decoration: underline;\"><strong>en cours d&#8217;am\u00e9nagement et de d\u00e9coration<\/strong><\/span>).<\/p>\n<p>En entrant dans l&#8217;appartement, vous trouverez \u00e0 votre droite les toilettes (porte coulissante), \u00e0 votre gauche un placard coulissant r\u00e9serv\u00e9 \u00e0 la 1\u00e8re chambre, et la chambre vue rivi\u00e8re. Avancez dans le couloir, sur votre droite acc\u00e8dez \u00e0 la salle de douche, sur votre gauche \u00e0 la seconde chambre vue rivi\u00e8re. Le couloir d\u00e9bouche sur la grande pi\u00e8ce \u00e0 vivre : \u00e0 votre droite la cuisine, face \u00e0 vous la baie vitr\u00e9e donnant sur la terrasse, \u00e0 votre gauche le salon dominant la rivi\u00e8re.<\/p>\n<p><!-- \/wp:paragraph --><\/p>\n<p><!-- wp:gallery {\"ids\":[116,177,178,179,180,181,182,183],\"columns\":4,\"linkTo\":\"none\",\"sizeSlug\":\"full\"} --><\/p>\n<figure>\n<ul>\n<li>\n<figure><img decoding=\"async\" loading=\"lazy\" src=\"https:\/\/gitesdelasaisse.fr\/wp-content\/uploads\/2021\/07\/IMG_5712-300x225.jpeg\" alt=\"\" width=\"300\" height=\"225\" \/><\/figure>\n<\/li>\n<li>\n<figure><img decoding=\"async\" loading=\"lazy\" src=\"https:\/\/gitesdelasaisse.fr\/wp-content\/uploads\/2021\/07\/IMG_5711-300x225.jpeg\" alt=\"\" width=\"300\" height=\"225\" \/><\/figure>\n<\/li>\n<li>\n<figure><img decoding=\"async\" loading=\"lazy\" src=\"https:\/\/gitesdelasaisse.fr\/wp-content\/uploads\/2021\/07\/IMG_5707-300x225.jpeg\" alt=\"\" width=\"300\" height=\"225\" \/><\/figure>\n<\/li>\n<li>\n<figure><img decoding=\"async\" loading=\"lazy\" src=\"https:\/\/gitesdelasaisse.fr\/wp-content\/uploads\/2021\/07\/IMG_5708-300x225.jpeg\" alt=\"\" width=\"300\" height=\"225\" \/><\/figure>\n<\/li>\n<li>\n<figure><img decoding=\"async\" loading=\"lazy\" src=\"https:\/\/gitesdelasaisse.fr\/wp-content\/uploads\/2021\/07\/IMG_5704-300x225.jpeg\" alt=\"\" width=\"300\" height=\"225\" \/><\/figure>\n<\/li>\n<li>\n<figure><img decoding=\"async\" loading=\"lazy\" src=\"https:\/\/gitesdelasaisse.fr\/wp-content\/uploads\/2021\/07\/IMG_5706-300x225.jpeg\" alt=\"\" width=\"300\" height=\"225\" \/><\/figure>\n<\/li>\n<li><img decoding=\"async\" loading=\"lazy\" class=\"alignnone size-medium wp-image-1383\" src=\"https:\/\/gitesdelasaisse.fr\/wp-content\/uploads\/2021\/07\/IMG_5675-225x300.jpeg\" alt=\"\" width=\"225\" height=\"300\" srcset=\"https:\/\/gitesdelasaisse.fr\/wp-content\/uploads\/2021\/07\/IMG_5675-225x300.jpeg 225w, https:\/\/gitesdelasaisse.fr\/wp-content\/uploads\/2021\/07\/IMG_5675-768x1024.jpeg 768w, https:\/\/gitesdelasaisse.fr\/wp-content\/uploads\/2021\/07\/IMG_5675-1152x1536.jpeg 1152w, https:\/\/gitesdelasaisse.fr\/wp-content\/uploads\/2021\/07\/IMG_5675.jpeg 1536w\" sizes=\"(max-width: 225px) 100vw, 225px\" \/><\/li>\n<li><img decoding=\"async\" loading=\"lazy\" class=\"alignnone size-medium wp-image-1389\" src=\"https:\/\/gitesdelasaisse.fr\/wp-content\/uploads\/2021\/07\/IMG_5682-225x300.jpeg\" alt=\"\" width=\"225\" height=\"300\" srcset=\"https:\/\/gitesdelasaisse.fr\/wp-content\/uploads\/2021\/07\/IMG_5682-225x300.jpeg 225w, https:\/\/gitesdelasaisse.fr\/wp-content\/uploads\/2021\/07\/IMG_5682-768x1024.jpeg 768w, https:\/\/gitesdelasaisse.fr\/wp-content\/uploads\/2021\/07\/IMG_5682-1152x1536.jpeg 1152w, https:\/\/gitesdelasaisse.fr\/wp-content\/uploads\/2021\/07\/IMG_5682.jpeg 1536w\" sizes=\"(max-width: 225px) 100vw, 225px\" \/><\/li>\n<\/ul>\n<\/figure>\n<p><!-- \/wp:gallery --><\/p>\n<\/div>\n<\/div>\n<p><!-- \/wp:group --><\/p>\n<p><!-- wp:group {\"align\":\"full\",\"style\":{\"color\":{\"background\":\"#f4f4f4\"}}} --><\/p>\n<div style=\"background-color: #f4f4f4;\">\n<div>\n<p><!-- wp:heading {\"textAlign\":\"center\"} --><\/p>\n<h2>En option<\/h2>\n<p><!-- \/wp:heading --><\/p>\n<p><!-- wp:paragraph {\"align\":\"center\"} --><\/p>\n<p>\u00c0 r\u00e9server avant d&#8217;arriver pour s&#8217;assurer de leur disponibilit\u00e9 :\u00a0<\/p>\n<p><!-- \/wp:paragraph --><\/p>\n<p><!-- wp:columns {\"verticalAlignment\":\"center\",\"align\":\"wide\"} --><\/p>\n<div>\n<p><!-- wp:column {\"verticalAlignment\":\"center\"} --><\/p>\n<div>\n<p><!-- wp:media-text {\"mediaId\":190,\"mediaType\":\"image\",\"isStackedOnMobile\":false,\"verticalAlignment\":\"center\",\"imageFill\":false,\"backgroundColor\":\"white\",\"className\":\"is-stacked-on-mobile\"} --><\/p>\n<div>\n<figure><img decoding=\"async\" src=\"https:\/\/cdn.pixabay.com\/photo\/2016\/11\/23\/17\/31\/boy-1853960_960_720.jpg\" alt=\"\" \/><\/figure>\n<div>\n<p><!-- wp:heading {\"level\":4} --><\/p>\n<h4>Paddle<\/h4>\n<p><!-- \/wp:heading --><\/p>\n<p><!-- wp:heading {\"level\":6} --><!-- \/wp:heading --><\/p>\n<p><!-- wp:paragraph --><\/p>\n<p>Pour des balades calmes sur l&#8217;eau ou des jeux en famille.<\/p>\n<p><!-- \/wp:paragraph --><\/p>\n<p><!-- wp:image {\"id\":266,\"width\":137,\"height\":28,\"sizeSlug\":\"large\",\"linkDestination\":\"none\"} --><\/p>\n<figure><\/figure>\n<p><!-- \/wp:image --><\/p>\n<\/div>\n<\/div>\n<p><!-- \/wp:media-text --><\/p>\n<\/div>\n<p><!-- \/wp:column --><\/p>\n<p><!-- wp:column {\"verticalAlignment\":\"center\"} --><\/p>\n<div>\n<p><!-- wp:media-text {\"mediaId\":189,\"mediaType\":\"image\",\"isStackedOnMobile\":false,\"verticalAlignment\":\"center\",\"imageFill\":false,\"backgroundColor\":\"white\",\"className\":\"is-stacked-on-mobile\"} --><\/p>\n<div>\n<figure><img decoding=\"async\" src=\"https:\/\/cdn.pixabay.com\/photo\/2020\/09\/03\/13\/53\/fishing-boat-5541327_960_720.jpg\" alt=\"\" \/><\/figure>\n<div>\n<p><!-- wp:heading {\"level\":4} --><\/p>\n<h4>Bateau<\/h4>\n<p><!-- \/wp:heading --><\/p>\n<p><!-- wp:heading {\"level\":6} --><!-- \/wp:heading --><\/p>\n<p><!-- wp:paragraph --><\/p>\n<p>\u00c0 moteur et sans permis, pour la p\u00eache ou la d\u00e9couverte du lac.<\/p>\n<p><!-- \/wp:paragraph --><\/p>\n<p><!-- wp:image {\"id\":266,\"width\":137,\"height\":28,\"sizeSlug\":\"large\",\"linkDestination\":\"none\"} --><\/p>\n<figure><\/figure>\n<p><!-- \/wp:image --><\/p>\n<\/div>\n<\/div>\n<p><!-- \/wp:media-text --><\/p>\n<\/div>\n<p><!-- \/wp:column --><\/p>\n<\/div>\n<p><!-- \/wp:columns --><\/p>\n<p><!-- wp:columns {\"verticalAlignment\":\"center\",\"align\":\"wide\"} --><\/p>\n<div>\n<p><!-- wp:column {\"verticalAlignment\":\"center\"} --><\/p>\n<div>\n<p><!-- wp:media-text {\"mediaId\":187,\"mediaType\":\"image\",\"isStackedOnMobile\":false,\"verticalAlignment\":\"center\",\"imageFill\":false,\"backgroundColor\":\"white\",\"className\":\"is-stacked-on-mobile\"} --><\/p>\n<div>\n<p><img decoding=\"async\" loading=\"lazy\" src=\"https:\/\/gitesdelasaisse.fr\/wp-content\/uploads\/2023\/01\/images.jpg\" alt=\"\" width=\"225\" height=\"225\" \/><\/p>\n<div>\n<p><!-- wp:heading {\"level\":4} --><\/p>\n<h4>Kit B\u00e9b\u00e9<\/h4>\n<p><!-- \/wp:heading --><\/p>\n<p><!-- wp:paragraph --><\/p>\n<p>Chaise haute, lit parapluie et matelas, pot, baignoire&#8230; N&#8217;oubliez pas de r\u00e9server un kit b\u00e9b\u00e9 le plus t\u00f4t possible. Pour info, chaque appartement dispose de vaisselle pour petits.<\/p>\n<p><!-- \/wp:paragraph --><\/p>\n<p><!-- wp:image {\"id\":269,\"width\":210,\"height\":28,\"sizeSlug\":\"large\",\"linkDestination\":\"none\"} --><\/p>\n<p><!-- \/wp:image --><\/p>\n<\/div>\n<\/div>\n<p><!-- \/wp:media-text --><\/p>\n<\/div>\n<p><!-- \/wp:column --><\/p>\n<p><!-- wp:column {\"verticalAlignment\":\"center\"} --><\/p>\n<p><!-- \/wp:column --><\/p>\n<\/div>\n<p><!-- \/wp:columns --><\/p>\n<\/div>\n<\/div>\n<p><!-- \/wp:group --><\/p>\n<p><!-- wp:group {\"align\":\"full\",\"backgroundColor\":\"white\"} --><\/p>\n<div>\n<div>\n<p><!-- wp:columns {\"verticalAlignment\":\"center\",\"align\":\"wide\"} --><\/p>\n<div>\n<p><!-- wp:column {\"verticalAlignment\":\"center\"} --><\/p>\n<div>\n<p><!-- wp:group {\"style\":{\"color\":{\"background\":\"#11202a\"}}} --><\/p>\n<div style=\"background-color: #11202a;\">\n<div><!-- wp:heading {\"textColor\":\"white\"} --><\/div>\n<\/div>\n<\/div>\n<div>\n<div>\u00a0<\/div>\n<\/div>\n<\/div>\n<\/div>\n<\/div>\t\t\t\t\t\t<\/div>\n\t\t\t\t<\/div>\n\t\t\t\t\t<\/div>\n\t\t<\/div>\n\t\t\t\t\t\t\t<\/div>\n\t\t<\/section>\n\t\t\t\t\t\t<\/div>\n\t\t\t\t\t<\/div>\n\t\t","protected":false},"excerpt":{"rendered":"<p>\u00a0 \u00a0 \u00a0 \u00a0 \u00a0 \u00a0 \u00a0 \u00a0 \u00a0 \u00a0 \u00a0 \u00a0 \u00a0 \u00a0 \u00a0 \u00a0 \u00a0 \u00a0 \u00a0 Description F3 familial, 2 chambres (+ 1 canap\u00e9-lit), cuisine ouverte sur le salon, avec terrasse \u00e9quip\u00e9e face au lac et la rivi\u00e8re. Orient\u00e9 Sud, l&#8217;appartement surplombe la rivi\u00e8re et sa terrasse domine le lac. Parfait pour &hellip;<\/p>\n<p class=\"read-more\"> <a class=\"\" href=\"https:\/\/gitesdelasaisse.fr\/index.php\/logements\/f2-avec-terrasse-rez-de-chaussee\/\"> <span class=\"screen-reader-text\">F3 avec terrasse (rez de chauss\u00e9e)<\/span> Lire la suite\u00a0\u00bb<\/a><\/p>\n","protected":false},"author":1,"featured_media":0,"parent":904,"menu_order":0,"comment_status":"closed","ping_status":"closed","template":"","meta":[],"_links":{"self":[{"href":"https:\/\/gitesdelasaisse.fr\/index.php\/wp-json\/wp\/v2\/pages\/1250"}],"collection":[{"href":"https:\/\/gitesdelasaisse.fr\/index.php\/wp-json\/wp\/v2\/pages"}],"about":[{"href":"https:\/\/gitesdelasaisse.fr\/index.php\/wp-json\/wp\/v2\/types\/page"}],"author":[{"embeddable":true,"href":"https:\/\/gitesdelasaisse.fr\/index.php\/wp-json\/wp\/v2\/users\/1"}],"replies":[{"embeddable":true,"href":"https:\/\/gitesdelasaisse.fr\/index.php\/wp-json\/wp\/v2\/comments?post=1250"}],"version-history":[{"count":50,"href":"https:\/\/gitesdelasaisse.fr\/index.php\/wp-json\/wp\/v2\/pages\/1250\/revisions"}],"predecessor-version":[{"id":1582,"href":"https:\/\/gitesdelasaisse.fr\/index.php\/wp-json\/wp\/v2\/pages\/1250\/revisions\/1582"}],"up":[{"embeddable":true,"href":"https:\/\/gitesdelasaisse.fr\/index.php\/wp-json\/wp\/v2\/pages\/904"}],"wp:attachment":[{"href":"https:\/\/gitesdelasaisse.fr\/index.php\/wp-json\/wp\/v2\/media?parent=1250"}],"curies":[{"name":"wp","href":"https:\/\/api.w.org\/{rel}","templated":true}]}}